{"id":11899,"date":"2020-08-05T16:26:17","date_gmt":"2020-08-05T15:26:17","guid":{"rendered":"http:\/\/adriennehaswell.com\/?page_id=11899"},"modified":"2020-08-17T16:55:49","modified_gmt":"2020-08-17T15:55:49","slug":"a-propos-de-nous","status":"publish","type":"page","link":"https:\/\/adriennehaswell.com\/en\/a-propos-de-nous\/","title":{"rendered":"About Us"},"content":{"rendered":"<p>[vc_row gap=&#8221;20&#8243; css=&#8221;.vc_custom_1596722132056{padding-top: 10px !important;padding-right: 10px !important;padding-bottom: 10px !important;padding-left: 10px !important;}&#8221;][vc_column width=&#8221;1\/2&#8243;][vc_single_image image=&#8221;11886&#8243; img_size=&#8221;full&#8221;][\/vc_column][vc_column width=&#8221;1\/2&#8243;][vc_column_text]<\/p>\n<h1>Adrienne Haswell, pht DO<\/h1>\n<p>I graduated from McGill University in 1995 with a BSc. in Anatomical Sciences (degree in Anatomy) and in 1998 with a BSc. in Physiotherapy. Upon graduation, I was awarded the clinical prize of excellence as a physiotherapy student. These 2 degrees helped create a solid foundation to my practice. I am a registered physiotherapist at the L\u2019Ordre des Physioth\u00e9rapeute du Qu\u00e9bec (OPPQ).<\/p>\n<p>After a few years of being a physiotherapist, I returned to school and completed a 6-year part-time osteopathy diploma in 2013 at the Centre Ost\u00e9opathique du Qu\u00e9bec (COQ). I am a registered osteopath with the R\u00e9gistre des Ost\u00e9opathe du Qu\u00e9bec.<\/p>\n<p>To be able to better treat trigger points found deep in muscles, I participated in a 103-hour dry needling course and received my certification in April 2018 through the OPPQ.<\/p>\n<p>My most recent courses have been in field of fascia. This is a soft tissue found in the human body and it was once thought as just a simple supportive structure. With the extensive research done worldwide they are uncovering the importance of this tissue and its multitude of important role it plays in the body. Thus far, I have been following courses given by Doreen Killens, pht and Tomas Myers, the author of Anatomy Trains concept. For more information, please click on the additional information section-Newsletter. These courses have brought me valuable knowledge on how to assess and help encourage a more aligned posture.[\/vc_column_text][\/vc_column][\/vc_row][vc_row gap=&#8221;20&#8243; css=&#8221;.vc_custom_1596722238520{margin-top: 50px !important;padding-top: 10px !important;padding-right: 10px !important;padding-bottom: 10px !important;padding-left: 10px !important;}&#8221;][vc_column width=&#8221;1\/2&#8243;][vc_single_image image=&#8221;11887&#8243; img_size=&#8221;full&#8221;][\/vc_column][vc_column width=&#8221;1\/2&#8243;][vc_column_text]<\/p>\n<h2><span style=\"color: #00aca8;\">Louise Labelle, administrative assistant (aka my right-hand woman)<\/span><\/h2>\n<p>Louise Labelle is most valuable to my business and brings over 25 years of experience administrative assistant.<span class=\"Apple-converted-space\">\u00a0\u00a0<\/span>She is highly efficient and responds to your needs.<\/p>\n<p class=\"p1\">She is fluent in both French and English.<span class=\"Apple-converted-space\">\u00a0\u00a0<\/span>Ms. Labelle is the person you will need to contact to book your first appointment.\u00a0<span class=\"Apple-converted-space\">\u00a0\u00a0<\/span>She can also help you plan your future visits, reschedule, cancel your appointments, and put you in contact with me if needed.<span class=\"Apple-converted-space\">\u00a0\u00a0<\/span>If you do not have access to a computer or do not feel comfortable using the online booking system, Ms. Labelle with gladly assist you.<\/p>\n<p>[\/vc_column_text][\/vc_column][\/vc_row]<\/p>\n","protected":false},"excerpt":{"rendered":"<p>[vc_row gap=&#8221;20&#8243; css=&#8221;.vc_custom_1596722132056{padding-top: 10px !important;padding-right: 10px !important;padding-bottom: 10px !important;padding-left: 10px !important;}&#8221;][vc_column width=&#8221;1\/2&#8243;][vc_single_image image=&#8221;11886&#8243; img_size=&#8221;full&#8221;][\/vc_column][vc_column width=&#8221;1\/2&#8243;][vc_column_text] Adrienne Haswell, pht DO I graduated from McGill University in 1995 with a BSc. in Anatomical Sciences (degree in Anatomy) and in 1998 with a BSc. in Physiotherapy. Upon graduation, I was awarded the clinical prize of excellence as a [&hellip;]<\/p>\n","protected":false},"author":1,"featured_media":0,"parent":0,"menu_order":0,"comment_status":"closed","ping_status":"closed","template":"","meta":[],"_links":{"self":[{"href":"https:\/\/adriennehaswell.com\/en\/wp-json\/wp\/v2\/pages\/11899"}],"collection":[{"href":"https:\/\/adriennehaswell.com\/en\/wp-json\/wp\/v2\/pages"}],"about":[{"href":"https:\/\/adriennehaswell.com\/en\/wp-json\/wp\/v2\/types\/page"}],"author":[{"embeddable":true,"href":"https:\/\/adriennehaswell.com\/en\/wp-json\/wp\/v2\/users\/1"}],"replies":[{"embeddable":true,"href":"https:\/\/adriennehaswell.com\/en\/wp-json\/wp\/v2\/comments?post=11899"}],"version-history":[{"count":18,"href":"https:\/\/adriennehaswell.com\/en\/wp-json\/wp\/v2\/pages\/11899\/revisions"}],"predecessor-version":[{"id":12051,"href":"https:\/\/adriennehaswell.com\/en\/wp-json\/wp\/v2\/pages\/11899\/revisions\/12051"}],"wp:attachment":[{"href":"https:\/\/adriennehaswell.com\/en\/wp-json\/wp\/v2\/media?parent=11899"}],"curies":[{"name":"wp","href":"https:\/\/api.w.org\/{rel}","templated":true}]}}